{"id":2,"date":"2019-08-23T05:44:50","date_gmt":"2019-08-23T05:44:50","guid":{"rendered":"https:\/\/www.dianysmedia.info\/proiect2211vlad\/?page_id=2"},"modified":"2022-01-11T04:28:25","modified_gmt":"2022-01-11T04:28:25","slug":"galerie-foto","status":"publish","type":"page","link":"https:\/\/www.pensiuneavlad.ro\/?page_id=2","title":{"rendered":"Galerie foto"},"content":{"rendered":"<p><section class=\"kc-elm kc-css-96631 kc_row\"><div class=\"kc-row-container  kc-container\"><div class=\"kc-wrap-columns\"><div class=\"kc-elm kc-css-441744 kc_col-sm-12 kc_column kc_col-sm-12\"><div class=\"kc-col-container\"><\/div><\/div><\/div><\/div><\/section><section class=\"kc-elm kc-css-765606 kc_row\"><div class=\"kc-row-container  kc-container\"><div class=\"kc-wrap-columns\"><div class=\"kc-elm kc-css-91984 kc_col-sm-12 kc_column kc_col-sm-12\"><div class=\"kc-col-container\"><div class=\"kc-image-gallery kc-elm kc-css-469917\">\n<div class=\"kc_image_gallery kc-carousel-image kc-grid \">\n<div class=\"item-grid grid-6\"><a class=\"kc-image-link kc-pretty-photo\" data-lightbox=\"kc-lightbox\" rel=\"kc-pretty-photo[17388560]\" href=\"https:\/\/www.pensiuneavlad.ro\/wp-content\/uploads\/2019\/08\/000_2838-1.jpg\"><img decoding=\"async\" src=\"https:\/\/www.pensiuneavlad.ro\/wp-content\/uploads\/2019\/08\/000_2838-1-150x150.jpg\" alt=\"\"\/><\/a><\/div><div class=\"item-grid grid-6\"><a class=\"kc-image-link kc-pretty-photo\" data-lightbox=\"kc-lightbox\" rel=\"kc-pretty-photo[17388560]\" href=\"https:\/\/www.pensiuneavlad.ro\/wp-content\/uploads\/2019\/08\/000_2912.jpg\"><img decoding=\"async\" src=\"https:\/\/www.pensiuneavlad.ro\/wp-content\/uploads\/2019\/08\/000_2912-150x150.jpg\" alt=\"\"\/><\/a><\/div><div class=\"item-grid grid-6\"><a class=\"kc-image-link kc-pretty-photo\" data-lightbox=\"kc-lightbox\" rel=\"kc-pretty-photo[17388560]\" href=\"https:\/\/www.pensiuneavlad.ro\/wp-content\/uploads\/2019\/08\/000_2907.jpg\"><img decoding=\"async\" src=\"https:\/\/www.pensiuneavlad.ro\/wp-content\/uploads\/2019\/08\/000_2907-150x150.jpg\" alt=\"\"\/><\/a><\/div><div class=\"item-grid grid-6\"><a class=\"kc-image-link kc-pretty-photo\" data-lightbox=\"kc-lightbox\" rel=\"kc-pretty-photo[17388560]\" href=\"https:\/\/www.pensiuneavlad.ro\/wp-content\/uploads\/2019\/08\/000_2906.jpg\"><img decoding=\"async\" src=\"https:\/\/www.pensiuneavlad.ro\/wp-content\/uploads\/2019\/08\/000_2906-150x150.jpg\" alt=\"\"\/><\/a><\/div><div class=\"item-grid grid-6\"><a class=\"kc-image-link kc-pretty-photo\" data-lightbox=\"kc-lightbox\" rel=\"kc-pretty-photo[17388560]\" href=\"https:\/\/www.pensiuneavlad.ro\/wp-content\/uploads\/2019\/08\/000_2903-1.jpg\"><img decoding=\"async\" src=\"https:\/\/www.pensiuneavlad.ro\/wp-content\/uploads\/2019\/08\/000_2903-1-150x150.jpg\" alt=\"\"\/><\/a><\/div><div class=\"item-grid grid-6\"><a class=\"kc-image-link kc-pretty-photo\" data-lightbox=\"kc-lightbox\" rel=\"kc-pretty-photo[17388560]\" href=\"https:\/\/www.pensiuneavlad.ro\/wp-content\/uploads\/2019\/08\/000_2900.jpg\"><img decoding=\"async\" src=\"https:\/\/www.pensiuneavlad.ro\/wp-content\/uploads\/2019\/08\/000_2900-150x150.jpg\" alt=\"\"\/><\/a><\/div><div class=\"item-grid grid-6\"><a class=\"kc-image-link kc-pretty-photo\" data-lightbox=\"kc-lightbox\" rel=\"kc-pretty-photo[17388560]\" href=\"https:\/\/www.pensiuneavlad.ro\/wp-content\/uploads\/2019\/08\/000_2898.jpg\"><img decoding=\"async\" src=\"https:\/\/www.pensiuneavlad.ro\/wp-content\/uploads\/2019\/08\/000_2898-150x150.jpg\" alt=\"\"\/><\/a><\/div><div class=\"item-grid grid-6\"><a class=\"kc-image-link kc-pretty-photo\" data-lightbox=\"kc-lightbox\" rel=\"kc-pretty-photo[17388560]\" href=\"https:\/\/www.pensiuneavlad.ro\/wp-content\/uploads\/2019\/08\/000_2897.jpg\"><img decoding=\"async\" src=\"https:\/\/www.pensiuneavlad.ro\/wp-content\/uploads\/2019\/08\/000_2897-150x150.jpg\" alt=\"\"\/><\/a><\/div><div class=\"item-grid grid-6\"><a class=\"kc-image-link kc-pretty-photo\" data-lightbox=\"kc-lightbox\" rel=\"kc-pretty-photo[17388560]\" href=\"https:\/\/www.pensiuneavlad.ro\/wp-content\/uploads\/2019\/08\/000_2896.jpg\"><img decoding=\"async\" src=\"https:\/\/www.pensiuneavlad.ro\/wp-content\/uploads\/2019\/08\/000_2896-150x150.jpg\" alt=\"\"\/><\/a><\/div><div class=\"item-grid grid-6\"><a class=\"kc-image-link kc-pretty-photo\" data-lightbox=\"kc-lightbox\" rel=\"kc-pretty-photo[17388560]\" href=\"https:\/\/www.pensiuneavlad.ro\/wp-content\/uploads\/2019\/08\/000_2895.jpg\"><img decoding=\"async\" src=\"https:\/\/www.pensiuneavlad.ro\/wp-content\/uploads\/2019\/08\/000_2895-150x150.jpg\" alt=\"\"\/><\/a><\/div><div class=\"item-grid grid-6\"><a class=\"kc-image-link kc-pretty-photo\" data-lightbox=\"kc-lightbox\" rel=\"kc-pretty-photo[17388560]\" href=\"https:\/\/www.pensiuneavlad.ro\/wp-content\/uploads\/2019\/08\/000_2890.jpg\"><img decoding=\"async\" src=\"https:\/\/www.pensiuneavlad.ro\/wp-content\/uploads\/2019\/08\/000_2890-150x150.jpg\" alt=\"\"\/><\/a><\/div><div class=\"item-grid grid-6\"><a class=\"kc-image-link kc-pretty-photo\" data-lightbox=\"kc-lightbox\" rel=\"kc-pretty-photo[17388560]\" href=\"https:\/\/www.pensiuneavlad.ro\/wp-content\/uploads\/2019\/08\/000_2886.jpg\"><img decoding=\"async\" src=\"https:\/\/www.pensiuneavlad.ro\/wp-content\/uploads\/2019\/08\/000_2886-150x150.jpg\" alt=\"\"\/><\/a><\/div><div class=\"item-grid grid-6\"><a class=\"kc-image-link kc-pretty-photo\" data-lightbox=\"kc-lightbox\" rel=\"kc-pretty-photo[17388560]\" href=\"https:\/\/www.pensiuneavlad.ro\/wp-content\/uploads\/2019\/08\/000_2873.jpg\"><img decoding=\"async\" src=\"https:\/\/www.pensiuneavlad.ro\/wp-content\/uploads\/2019\/08\/000_2873-150x150.jpg\" alt=\"\"\/><\/a><\/div><div class=\"item-grid grid-6\"><a class=\"kc-image-link kc-pretty-photo\" data-lightbox=\"kc-lightbox\" rel=\"kc-pretty-photo[17388560]\" href=\"https:\/\/www.pensiuneavlad.ro\/wp-content\/uploads\/2019\/08\/000_2872.jpg\"><img decoding=\"async\" src=\"https:\/\/www.pensiuneavlad.ro\/wp-content\/uploads\/2019\/08\/000_2872-150x150.jpg\" alt=\"\"\/><\/a><\/div><div class=\"item-grid grid-6\"><a class=\"kc-image-link kc-pretty-photo\" data-lightbox=\"kc-lightbox\" rel=\"kc-pretty-photo[17388560]\" href=\"https:\/\/www.pensiuneavlad.ro\/wp-content\/uploads\/2019\/08\/000_2870.jpg\"><img decoding=\"async\" src=\"https:\/\/www.pensiuneavlad.ro\/wp-content\/uploads\/2019\/08\/000_2870-150x150.jpg\" alt=\"\"\/><\/a><\/div><div class=\"item-grid grid-6\"><a class=\"kc-image-link kc-pretty-photo\" data-lightbox=\"kc-lightbox\" rel=\"kc-pretty-photo[17388560]\" href=\"https:\/\/www.pensiuneavlad.ro\/wp-content\/uploads\/2019\/08\/000_2869.jpg\"><img decoding=\"async\" src=\"https:\/\/www.pensiuneavlad.ro\/wp-content\/uploads\/2019\/08\/000_2869-150x150.jpg\" alt=\"\"\/><\/a><\/div><div class=\"item-grid grid-6\"><a class=\"kc-image-link kc-pretty-photo\" data-lightbox=\"kc-lightbox\" rel=\"kc-pretty-photo[17388560]\" href=\"https:\/\/www.pensiuneavlad.ro\/wp-content\/uploads\/2019\/08\/000_2868-1.jpg\"><img decoding=\"async\" src=\"https:\/\/www.pensiuneavlad.ro\/wp-content\/uploads\/2019\/08\/000_2868-1-150x150.jpg\" alt=\"\"\/><\/a><\/div><div class=\"item-grid grid-6\"><a class=\"kc-image-link kc-pretty-photo\" data-lightbox=\"kc-lightbox\" rel=\"kc-pretty-photo[17388560]\" href=\"https:\/\/www.pensiuneavlad.ro\/wp-content\/uploads\/2019\/08\/000_2865.jpg\"><img decoding=\"async\" src=\"https:\/\/www.pensiuneavlad.ro\/wp-content\/uploads\/2019\/08\/000_2865-150x150.jpg\" alt=\"\"\/><\/a><\/div><div class=\"item-grid grid-6\"><a class=\"kc-image-link kc-pretty-photo\" data-lightbox=\"kc-lightbox\" rel=\"kc-pretty-photo[17388560]\" href=\"https:\/\/www.pensiuneavlad.ro\/wp-content\/uploads\/2019\/08\/000_2857.jpg\"><img decoding=\"async\" src=\"https:\/\/www.pensiuneavlad.ro\/wp-content\/uploads\/2019\/08\/000_2857-150x150.jpg\" alt=\"\"\/><\/a><\/div><div class=\"item-grid grid-6\"><a class=\"kc-image-link kc-pretty-photo\" data-lightbox=\"kc-lightbox\" rel=\"kc-pretty-photo[17388560]\" href=\"https:\/\/www.pensiuneavlad.ro\/wp-content\/uploads\/2019\/08\/000_2852.jpg\"><img decoding=\"async\" src=\"https:\/\/www.pensiuneavlad.ro\/wp-content\/uploads\/2019\/08\/000_2852-150x150.jpg\" alt=\"\"\/><\/a><\/div><div class=\"item-grid grid-6\"><a class=\"kc-image-link kc-pretty-photo\" data-lightbox=\"kc-lightbox\" rel=\"kc-pretty-photo[17388560]\" href=\"https:\/\/www.pensiuneavlad.ro\/wp-content\/uploads\/2019\/08\/000_2850-1.jpg\"><img decoding=\"async\" src=\"https:\/\/www.pensiuneavlad.ro\/wp-content\/uploads\/2019\/08\/000_2850-1-150x150.jpg\" alt=\"\"\/><\/a><\/div><div class=\"item-grid grid-6\"><a class=\"kc-image-link kc-pretty-photo\" data-lightbox=\"kc-lightbox\" rel=\"kc-pretty-photo[17388560]\" href=\"https:\/\/www.pensiuneavlad.ro\/wp-content\/uploads\/2019\/08\/000_2844.jpg\"><img decoding=\"async\" src=\"https:\/\/www.pensiuneavlad.ro\/wp-content\/uploads\/2019\/08\/000_2844-150x150.jpg\" alt=\"\"\/><\/a><\/div><div class=\"item-grid grid-6\"><a class=\"kc-image-link kc-pretty-photo\" data-lightbox=\"kc-lightbox\" rel=\"kc-pretty-photo[17388560]\" href=\"https:\/\/www.pensiuneavlad.ro\/wp-content\/uploads\/2019\/08\/000_2876.jpg\"><img decoding=\"async\" src=\"https:\/\/www.pensiuneavlad.ro\/wp-content\/uploads\/2019\/08\/000_2876-150x150.jpg\" alt=\"\"\/><\/a><\/div><\/div>\n<\/div><\/div><\/div><\/div><\/div><\/section><\/p>\n","protected":false},"excerpt":{"rendered":"","protected":false},"author":1,"featured_media":0,"parent":0,"menu_order":0,"comment_status":"closed","ping_status":"open","template":"","meta":{"footnotes":""},"class_list":["post-2","page","type-page","status-publish","hentry"],"yoast_head":"<!-- This site is optimized with the Yoast SEO Premium plugin v17.8 (Yoast SEO v17.8) - https:\/\/yoast.com\/wordpress\/plugins\/seo\/ -->\n<title>Galerie foto - Pensiuni cazari ieftine Arad - Langa Autostrada<\/title>\n<meta name=\"description\" content=\"Pensiunea Vlad Arad a fost proiectata \u015fi realizat din perspectiva beneficiilor clien\u0163ilor, c\u0103rora dorim s\u0103 le oferim un ambient modern.\" \/>\n<meta name=\"robots\" content=\"index, follow, max-snippet:-1, max-image-preview:large, max-video-preview:-1\" \/>\n<link rel=\"canonical\" href=\"https:\/\/www.pensiuneavlad.ro\/?page_id=2\" \/>\n<meta property=\"og:locale\" content=\"ro_RO\" \/>\n<meta property=\"og:type\" content=\"article\" \/>\n<meta property=\"og:title\" content=\"Galerie foto\" \/>\n<meta property=\"og:description\" content=\"Pensiunea Vlad Arad a fost proiectata \u015fi realizat din perspectiva beneficiilor clien\u0163ilor, c\u0103rora dorim s\u0103 le oferim un ambient modern.\" \/>\n<meta property=\"og:url\" content=\"https:\/\/www.pensiuneavlad.ro\/?page_id=2\" \/>\n<meta property=\"og:site_name\" content=\"Pensiuni cazari ieftine Arad - Pensiune Arad langa Autostrada\" \/>\n<meta property=\"article:modified_time\" content=\"2022-01-11T04:28:25+00:00\" \/>\n<meta property=\"og:image\" content=\"https:\/\/www.pensiuneavlad.ro\/wp-content\/uploads\/2019\/08\/000_2838-1-150x150.jpg\" \/>\n<meta name=\"twitter:card\" content=\"summary_large_image\" \/>\n<script type=\"application\/ld+json\" class=\"yoast-schema-graph\">{\"@context\":\"https:\/\/schema.org\",\"@graph\":[{\"@type\":\"WebSite\",\"@id\":\"https:\/\/www.pensiuneavlad.ro\/#website\",\"url\":\"https:\/\/www.pensiuneavlad.ro\/\",\"name\":\"Pensiuni cazari ieftine Arad - Pensiune Arad langa Autostrada\",\"description\":\"\",\"potentialAction\":[{\"@type\":\"SearchAction\",\"target\":{\"@type\":\"EntryPoint\",\"urlTemplate\":\"https:\/\/www.pensiuneavlad.ro\/?s={search_term_string}\"},\"query-input\":\"required name=search_term_string\"}],\"inLanguage\":\"ro-RO\"},{\"@type\":\"ImageObject\",\"@id\":\"https:\/\/www.pensiuneavlad.ro\/?page_id=2#primaryimage\",\"inLanguage\":\"ro-RO\",\"url\":\"https:\/\/www.pensiuneavlad.ro\/wp-content\/uploads\/2019\/08\/000_2838-1.jpg\",\"contentUrl\":\"https:\/\/www.pensiuneavlad.ro\/wp-content\/uploads\/2019\/08\/000_2838-1.jpg\",\"width\":1024,\"height\":682,\"caption\":\"cazari pensiuni ieftine langa autostrada\"},{\"@type\":\"WebPage\",\"@id\":\"https:\/\/www.pensiuneavlad.ro\/?page_id=2#webpage\",\"url\":\"https:\/\/www.pensiuneavlad.ro\/?page_id=2\",\"name\":\"Galerie foto - Pensiuni cazari ieftine Arad - Langa Autostrada\",\"isPartOf\":{\"@id\":\"https:\/\/www.pensiuneavlad.ro\/#website\"},\"primaryImageOfPage\":{\"@id\":\"https:\/\/www.pensiuneavlad.ro\/?page_id=2#primaryimage\"},\"datePublished\":\"2019-08-23T05:44:50+00:00\",\"dateModified\":\"2022-01-11T04:28:25+00:00\",\"description\":\"Pensiunea Vlad Arad a fost proiectata \\u015fi realizat din perspectiva beneficiilor clien\\u0163ilor, c\\u0103rora dorim s\\u0103 le oferim un ambient modern.\",\"breadcrumb\":{\"@id\":\"https:\/\/www.pensiuneavlad.ro\/?page_id=2#breadcrumb\"},\"inLanguage\":\"ro-RO\",\"potentialAction\":[{\"@type\":\"ReadAction\",\"target\":[\"https:\/\/www.pensiuneavlad.ro\/?page_id=2\"]}]},{\"@type\":\"BreadcrumbList\",\"@id\":\"https:\/\/www.pensiuneavlad.ro\/?page_id=2#breadcrumb\",\"itemListElement\":[{\"@type\":\"ListItem\",\"position\":1,\"name\":\"Home\",\"item\":\"https:\/\/www.pensiuneavlad.ro\/\"},{\"@type\":\"ListItem\",\"position\":2,\"name\":\"Galerie foto\"}]}]}<\/script>\n<!-- \/ Yoast SEO Premium plugin. -->","yoast_head_json":{"title":"Galerie foto - Pensiuni cazari ieftine Arad - Langa Autostrada","description":"Pensiunea Vlad Arad a fost proiectata \u015fi realizat din perspectiva beneficiilor clien\u0163ilor, c\u0103rora dorim s\u0103 le oferim un ambient modern.","robots":{"index":"index","follow":"follow","max-snippet":"max-snippet:-1","max-image-preview":"max-image-preview:large","max-video-preview":"max-video-preview:-1"},"canonical":"https:\/\/www.pensiuneavlad.ro\/?page_id=2","og_locale":"ro_RO","og_type":"article","og_title":"Galerie foto","og_description":"Pensiunea Vlad Arad a fost proiectata \u015fi realizat din perspectiva beneficiilor clien\u0163ilor, c\u0103rora dorim s\u0103 le oferim un ambient modern.","og_url":"https:\/\/www.pensiuneavlad.ro\/?page_id=2","og_site_name":"Pensiuni cazari ieftine Arad - Pensiune Arad langa Autostrada","article_modified_time":"2022-01-11T04:28:25+00:00","og_image":[{"url":"https:\/\/www.pensiuneavlad.ro\/wp-content\/uploads\/2019\/08\/000_2838-1-150x150.jpg"}],"twitter_card":"summary_large_image","schema":{"@context":"https:\/\/schema.org","@graph":[{"@type":"WebSite","@id":"https:\/\/www.pensiuneavlad.ro\/#website","url":"https:\/\/www.pensiuneavlad.ro\/","name":"Pensiuni cazari ieftine Arad - Pensiune Arad langa Autostrada","description":"","potentialAction":[{"@type":"SearchAction","target":{"@type":"EntryPoint","urlTemplate":"https:\/\/www.pensiuneavlad.ro\/?s={search_term_string}"},"query-input":"required name=search_term_string"}],"inLanguage":"ro-RO"},{"@type":"ImageObject","@id":"https:\/\/www.pensiuneavlad.ro\/?page_id=2#primaryimage","inLanguage":"ro-RO","url":"https:\/\/www.pensiuneavlad.ro\/wp-content\/uploads\/2019\/08\/000_2838-1.jpg","contentUrl":"https:\/\/www.pensiuneavlad.ro\/wp-content\/uploads\/2019\/08\/000_2838-1.jpg","width":1024,"height":682,"caption":"cazari pensiuni ieftine langa autostrada"},{"@type":"WebPage","@id":"https:\/\/www.pensiuneavlad.ro\/?page_id=2#webpage","url":"https:\/\/www.pensiuneavlad.ro\/?page_id=2","name":"Galerie foto - Pensiuni cazari ieftine Arad - Langa Autostrada","isPartOf":{"@id":"https:\/\/www.pensiuneavlad.ro\/#website"},"primaryImageOfPage":{"@id":"https:\/\/www.pensiuneavlad.ro\/?page_id=2#primaryimage"},"datePublished":"2019-08-23T05:44:50+00:00","dateModified":"2022-01-11T04:28:25+00:00","description":"Pensiunea Vlad Arad a fost proiectata \u015fi realizat din perspectiva beneficiilor clien\u0163ilor, c\u0103rora dorim s\u0103 le oferim un ambient modern.","breadcrumb":{"@id":"https:\/\/www.pensiuneavlad.ro\/?page_id=2#breadcrumb"},"inLanguage":"ro-RO","potentialAction":[{"@type":"ReadAction","target":["https:\/\/www.pensiuneavlad.ro\/?page_id=2"]}]},{"@type":"BreadcrumbList","@id":"https:\/\/www.pensiuneavlad.ro\/?page_id=2#breadcrumb","itemListElement":[{"@type":"ListItem","position":1,"name":"Home","item":"https:\/\/www.pensiuneavlad.ro\/"},{"@type":"ListItem","position":2,"name":"Galerie foto"}]}]}},"_links":{"self":[{"href":"https:\/\/www.pensiuneavlad.ro\/index.php?rest_route=\/wp\/v2\/pages\/2","targetHints":{"allow":["GET"]}}],"collection":[{"href":"https:\/\/www.pensiuneavlad.ro\/index.php?rest_route=\/wp\/v2\/pages"}],"about":[{"href":"https:\/\/www.pensiuneavlad.ro\/index.php?rest_route=\/wp\/v2\/types\/page"}],"author":[{"embeddable":true,"href":"https:\/\/www.pensiuneavlad.ro\/index.php?rest_route=\/wp\/v2\/users\/1"}],"replies":[{"embeddable":true,"href":"https:\/\/www.pensiuneavlad.ro\/index.php?rest_route=%2Fwp%2Fv2%2Fcomments&post=2"}],"version-history":[{"count":1,"href":"https:\/\/www.pensiuneavlad.ro\/index.php?rest_route=\/wp\/v2\/pages\/2\/revisions"}],"predecessor-version":[{"id":3177,"href":"https:\/\/www.pensiuneavlad.ro\/index.php?rest_route=\/wp\/v2\/pages\/2\/revisions\/3177"}],"wp:attachment":[{"href":"https:\/\/www.pensiuneavlad.ro\/index.php?rest_route=%2Fwp%2Fv2%2Fmedia&parent=2"}],"curies":[{"name":"wp","href":"https:\/\/api.w.org\/{rel}","templated":true}]}}