{"id":2267,"date":"2017-11-04T06:37:43","date_gmt":"2017-11-04T06:37:43","guid":{"rendered":"http:\/\/blthemedemos.wpengine.com\/hilltownfinal\/?page_id=2267"},"modified":"2022-01-11T04:42:33","modified_gmt":"2022-01-11T04:42:33","slug":"homepage","status":"publish","type":"page","link":"https:\/\/www.pensiuneavlad.ro\/","title":{"rendered":"Pensiune Arad"},"content":{"rendered":"<p><section data-kc-fullwidth=\"content\" data-kc-parallax=\"true\" class=\"kc-elm kc-css-969331 kc_row\"><div class=\"kc-row-container\"><div class=\"kc-wrap-columns\"><div class=\"kc-elm kc-css-177056 kc_col-sm-12 kc_column kc_col-sm-12\"><div class=\"kc-col-container\"><div class=\"kc-elm kc-css-576505 kc_text_block\"><\/p>\n<p><img decoding=\"async\" class=\"aligncenter\" src=\"https:\/\/www.pensiuneavlad.ro\/wp-content\/uploads\/2022\/01\/pensiuni-cazari-ieftine-arad-2.jpg\" alt=\"pensiuni cazari ieftine Arad\" width=\"100%\" \/><\/p>\n<p>\n<\/div><\/div><\/div><\/div><\/div><\/section><section class=\"kc-elm kc-css-21583 kc_row\"><div class=\"kc-row-container\"><div class=\"kc-wrap-columns\"><div class=\"kc-elm kc-css-256247 kc_col-sm-12 kc_column kc_col-sm-12\"><div class=\"kc-col-container\"><div class=\"kc-elm kc-css-24469 kc_text_block\"><\/p>\n<h1 style=\"text-align: center; font-weight: bold; padding-top: 20px; text-transform: uppercase; font-size: 17px;\">Cazari pensiuni IEFTINE Arad<\/h1>\n<p>\n<\/div><\/div><\/div><\/div><\/div><\/section><section class=\"kc-elm kc-css-460647 kc_row\"><div class=\"kc-row-container  kc-container\"><div class=\"kc-wrap-columns\"><div class=\"kc-elm kc-css-373620 kc_col-sm-7 kc_column kc_col-sm-7 introduction_inner\"><div class=\"introduction_left_text kc-col-container\"><div class=\"kc-elm kc-css-453050 kc_box_wrap \"><div class=\"intro_title\"><div class=\"one-one\"><h2>PENSIUNEA VLAD - pensiuni cazari ieftine Arad<\/h2><\/div><\/div><\/div><div class=\"kc-elm kc-css-578740 kc_box_wrap \"><h4><\/h4><b>Pensiunea Vlad Arad<\/b> clasificat\u0103 pensiune de 3 margarete, ofer\u0103 <b>cazare \u00een judetul Arad<\/b> la doar cateva minute de centrul ora\u0219ului. Va punem la dispozi\u021bie 8 camere confortabile dotate cu grup sanitar propriu, aer conditionat, minibar, televizoare LCD, numeroase facilit\u0103\u021bi, internet wireless \u0219i parcare interioara, bucatarie complet utilata si sala de mese, pentru to\u021bi clien\u021bii pensiunii.\n\n<strong>Pensiunea Vlad este situata la doar 1 km de autostrada si 2 km de zona centrala a orasului Arad (15 min. mers pe jos).<\/strong>\n<div><b>Pensiunea Vlad se afl\u0103 la 1.1 km de Universitatea de Vest \"Vasile Goldis\" din Arad.<\/b><\/div>\nMinisterul Turismului prin Certificatului de Clasificare ne-a acordat 3 margarete \u0219i implicarea noastr\u0103 directa in fiecare zi, va ofera certitudinea unei <b>caz\u0103ri <\/b>pl\u0103cute in cadrul unitatii noastre de <b>cazare <\/b>(<i>pensiuni cazari ieftine Arad<\/i>).\n\n<a href=\"https:\/\/www.pensiuneavlad.ro\/cazare\/\" title=\"camere cazare Arad\">Pensiunea are 8 camere<\/a>, conform schitelor postate in sectiunea \"<b>Cazare<\/b>\", cu doua paturi in fiecare camera. Se poate oferi si pat pliabil, suplimentar, contracost.\n\nVa asiguram ca veti fi incantati de serviciile si facilitatile oferite de Pensiunea Vlad! Personalul nostru va sta la dispozitia dumneavoastra 24 de ore pe zi pentru a va transforma vacanta sau delegatia la Arad intr-o amintire placuta si totodata intr-un motiv de a reveni cu placere.\n\nIn camerele din pensiunea noastra nu se fumeaza, exista locuri special amenajate pentru fumat, in curtea pensiunii.<\/div><\/div><\/div><div class=\"kc-elm kc-css-38939 kc_col-sm-5 kc_column kc_col-sm-5\"><div class=\"introduction_img kc-col-container\"><div class=\"kc-elm kc-css-428610 kc_shortcode kc_single_image\">\n\n        <img decoding=\"async\" src=\"https:\/\/www.pensiuneavlad.ro\/wp-content\/uploads\/2022\/01\/pensiuni-cazari-ieftine-arad.jpg\" class=\"\" alt=\"pensiuni cazari ieftine Arad\" \/>    \t    <p class=\"scapt\">pensiuni cazari ieftine Arad<\/p>\n\t    <\/div>\n<\/div><\/div><\/div><\/div><\/section><section data-kc-fullwidth=\"row\" class=\"kc-elm kc-css-814453 kc_row\"><div class=\"kc-row-container  kc-container\"><div class=\"kc-wrap-columns\"><div class=\"kc-elm kc-css-354014 kc_col-sm-3 kc_column kc_col-sm-3\"><div class=\"kc-col-container\"><div class=\"kc-elm kc-css-147404 kc_box_wrap \"><div class=\"our_service_first\"><div class=\"one-one\"><h3>FACILITATI<\/h3><p>Facilitatile de care va veti bucura sunt la cele mai inalte standarde, pentru a va face sederea dumneavoastra cat mai placuta in locatia noastra.<\/p><\/div><\/div><\/div><\/div><\/div><div class=\"kc-elm kc-css-525861 kc_col-sm-3 kc_column kc_col-sm-3\"><div class=\"kc-col-container\"><div class=\"kc-elm kc-css-387334 kc-feature-boxes kc-fb-layout-1\">\n\n\t<div class=\"content-icon\"><i class=\"flaticon-wifi\"><\/i><\/div><div class=\"content-title\">INTERNET GRATUIT<\/div><div class=\"content-desc\">Oaspetii nostri se vor bucura de o conexiune la internet wireless stabila, de inalta viteza, oferita in mod gratuit.<\/div>\n<\/div>\n<\/div><\/div><div class=\"kc-elm kc-css-886209 kc_col-sm-3 kc_column kc_col-sm-3\"><div class=\"kc-col-container\"><div class=\"kc-elm kc-css-395071 kc-feature-boxes kc-fb-layout-1\">\n\n\t<div class=\"content-icon\"><i class=\"flaticon-toaster\"><\/i><\/div><div class=\"content-title\">BUCATARIE UTILATA<\/div><div class=\"content-desc\">Va punem la dispozitie o bucatarie complet utilata si o sala de mese unde veti putea savura micul dejun, pranzul sau cina.<\/div>\n<\/div>\n<\/div><\/div><div class=\"kc-elm kc-css-631125 kc_col-sm-3 kc_column kc_col-sm-3\"><div class=\"kc-col-container\"><div class=\"kc-elm kc-css-168866 kc-feature-boxes kc-fb-layout-1\">\n\n\t<div class=\"content-icon\"><i class=\"flaticon-taxi\"><\/i><\/div><div class=\"content-title\">PARCARE GRATUITA<\/div><div class=\"content-desc\">Pensiunea Vlad dispune de locuri de parcare in curtea interioara, pentru a avea autoturismul in deplina siguranta.<\/div>\n<\/div>\n<\/div><\/div><\/div><\/div><\/section><section data-kc-fullwidth=\"row\" class=\"kc-elm kc-css-36713 kc_row fun_subscrib_inner\"><div class=\"kc-row-container  kc-container  counter-wrapper\"><div class=\"kc-wrap-columns\"><div class=\"kc-elm kc-css-529096 kc_col-sm-12 kc_column kc_col-sm-12\"><div class=\"kc-col-container\"><div class=\"kc-elm kc-css-832826 kc_row kc_row_inner counter-iteam\"><div class=\"kc-elm kc-css-816546 kc_col-sm-3 kc_column_inner kc_col-sm-3\"><div class=\"kc_wrapper kc-col-inner-container\">\n<div class=\"kc-elm kc-css-918903 kc_counter_box\">\n\t\t<span class=\"counterup\">814<\/span>\n\t<h4>turisti<\/h4><\/div>\n<\/div><\/div><div class=\"kc-elm kc-css-196445 kc_col-sm-3 kc_column_inner kc_col-sm-3\"><div class=\"kc_wrapper kc-col-inner-container\">\n<div class=\"kc-elm kc-css-533159 kc_counter_box\">\n\t\t<span class=\"counterup\">279<\/span>\n\t<h4>turisti internationali<\/h4><\/div>\n<\/div><\/div><div class=\"kc-elm kc-css-671023 kc_col-sm-3 kc_column_inner kc_col-sm-3\"><div class=\"kc_wrapper kc-col-inner-container\">\n<div class=\"kc-elm kc-css-729684 kc_counter_box\">\n\t\t<span class=\"counterup\">800<\/span>\n\t<h4>feedback-uri pozitive<\/h4><\/div>\n<\/div><\/div><div class=\"kc-elm kc-css-677814 kc_col-sm-3 kc_column_inner kc_col-sm-3\"><div class=\"kc_wrapper kc-col-inner-container\">\n<div class=\"kc-elm kc-css-388730 kc_counter_box\">\n\t\t<span class=\"counterup\">814<\/span>\n\t<h4>vacante reusite<\/h4><\/div>\n<\/div><\/div><\/div><div class=\"kc-elm kc-css-947429\" style=\"height: 70px; clear: both; width:100%;\"><\/div><div class=\"kc-elm kc-css-709363 kc_row kc_row_inner\"><div class=\"kc-elm kc-css-458171 kc_col-sm-9 kc_column_inner kc_col-sm-9 footer-input\"><div class=\"kc_wrapper kc-col-inner-container\"><div class=\"kc-elm kc-css-2448 kc_text_block left_text_subs\"><\/p>\n<p>\nTe invitam sa ne pasesti pragul pentru a te bucura de confortul si relaxarea mult asteptata!<\/p>\n<p>\n<\/div><div class=\"kc-elm kc-css-390884 kc_text_block left_text_subs\"><\/p>\n<p>\n<strong><i class=\"fa fa-phone\"><\/i> Telefon: 0771.220.733<\/strong> \u00a0 \u00a0 <strong><i class=\"fa fa-envelope\"><\/i> Email: contact@pensiuneavlad.ro<\/strong><\/p>\n<p>\n<\/div><\/div><\/div><\/div><div class=\"kc-elm kc-css-148910\" style=\"height: 80px; clear: both; width:100%;\"><\/div><\/div><\/div><\/div><\/div><\/section><section class=\"kc-elm kc-css-646798 kc_row\"><div class=\"kc-row-container  kc-container\"><div class=\"kc-wrap-columns\"><div class=\"kc-elm kc-css-971969 kc_col-sm-2 kc_column kc_col-sm-2\"><div class=\"kc-col-container\"><\/div><\/div><div class=\"kc-elm kc-css-208237 kc_col-sm-8 kc_column kc_col-sm-8\"><div class=\"kc-col-container\"><div class=\"kc-elm kc-css-173232 kc_text_block\"><\/p>\n<h3>Pensiunea Vlad &#8211; pensiuni cazari ieftine Arad<\/h3>\n<p><img loading=\"lazy\" decoding=\"async\" class=\"alignright size-thumbnail\" src=\"https:\/\/www.pensiuneavlad.ro\/wp-content\/uploads\/2022\/01\/pensiuni-cazari-ieftine-arad-150x150.jpg\" alt=\"pensiuni cazari ieftine Arad\" width=\"150\" height=\"150\" \/> Paseste intr-un spatiu al linistii si relaxarii, combinate armonios intr-un loc in care timpul sta pe loc si doar TU contezi. Situati extrem de aproape de <a href=\"https:\/\/ro.wikipedia.org\/wiki\/Autostrada_A1_(Rom%C3%A2nia)\">autostrada A1<\/a> din proximitatea judetului <strong>Arad<\/strong> oferim servicii de <strong>pensiuni cazari ieftine Arad.\u00a0<\/strong>Preturile competitive practicate de <a href=\"https:\/\/www.pensiuneavlad.ro\/despre-noi\/\"><strong>Pensiunea Vlad<\/strong><\/a> vin in sprijinul oaspetilor nostri oferind un raport calitate-pret excelent!<\/p>\n<p>Design-ul camerelor din cadrul Pensiunea Vlad Arad este concentra pe crearea unei atmosfere intime si relaxante, care ofera clientilor mult dorita stare de bine si confort.<\/p>\n<p>Va invitam sa va petreceti vacanta sau calatoria de afaceri la Pensiunea Vlad (cazari ieftine Arad langa Autostrada), unde puteti beneficia de tot confortul si va puteti simti ca acasa. Pensiunea Vlad Arad fiind clasificata la 3 margarete avem 6 camere cu bai proprii in interior si 2 camere cu baie proprie vis a vis de camere. Alegeti cu incredere Pensiunea Vlad, pensiuni cazari ieftine Arad!<\/p>\n<p>In eleganta si distinsa pensiune din Arad pe care o administram, serviciile oferite clientilor nostri sunt personalizate, adaptate nevoilor fiecarui oaspete. Cu totii gasesc aici linistea si confortul care ii fac sa se simta cu adevarat oaspeti si nu client ai unei pensiuni. Ambianta si atmosfera Pensiunii Vlad din Arad situata langa autostrada sunt unice, mai ales pentru ca aici, serviciile sunt oferite cu placere, daruire si competenta.<\/p>\n<p>\n<\/div><\/div><\/div><div class=\"kc-elm kc-css-847769 kc_col-sm-2 kc_column kc_col-sm-2\"><div class=\"kc-col-container\"><\/div><\/div><\/div><\/div><\/section><\/p>\n","protected":false},"excerpt":{"rendered":"","protected":false},"author":1,"featured_media":0,"parent":0,"menu_order":0,"comment_status":"closed","ping_status":"closed","template":"","meta":{"footnotes":""},"class_list":["post-2267","page","type-page","status-publish","hentry"],"yoast_head":"<!-- This site is optimized with the Yoast SEO Premium plugin v17.8 (Yoast SEO v17.8) - https:\/\/yoast.com\/wordpress\/plugins\/seo\/ -->\n<title>Pensiuni cazari ieftine Arad - Pensiune Arad langa Autostrada<\/title>\n<meta name=\"description\" content=\"Pensiuni cazari ieftine Arad - Pensiunea Vlad clasificat\u0103 cu 3 margarete, ofer\u0103 cazare \u00een judetul Arad langa autostrada. Preturi atractive.\" \/>\n<meta name=\"robots\" content=\"index, follow, max-snippet:-1, max-image-preview:large, max-video-preview:-1\" \/>\n<link rel=\"canonical\" href=\"https:\/\/www.pensiuneavlad.ro\/\" \/>\n<meta property=\"og:locale\" content=\"ro_RO\" \/>\n<meta property=\"og:type\" content=\"article\" \/>\n<meta property=\"og:title\" content=\"Pensiune Arad\" \/>\n<meta property=\"og:description\" content=\"Pensiuni cazari ieftine Arad - Pensiunea Vlad clasificat\u0103 cu 3 margarete, ofer\u0103 cazare \u00een judetul Arad langa autostrada. Preturi atractive.\" \/>\n<meta property=\"og:url\" content=\"https:\/\/www.pensiuneavlad.ro\/\" \/>\n<meta property=\"og:site_name\" content=\"Pensiuni cazari ieftine Arad - Pensiune Arad langa Autostrada\" \/>\n<meta property=\"article:modified_time\" content=\"2022-01-11T04:42:33+00:00\" \/>\n<meta property=\"og:image\" content=\"https:\/\/www.pensiuneavlad.ro\/wp-content\/uploads\/2022\/01\/pensiuni-cazari-ieftine-arad-2.jpg\" \/>\n<meta name=\"twitter:card\" content=\"summary_large_image\" \/>\n<meta name=\"twitter:label1\" content=\"Timp estimat pentru citire\" \/>\n\t<meta name=\"twitter:data1\" content=\"3 minute\" \/>\n<script type=\"application\/ld+json\" class=\"yoast-schema-graph\">{\"@context\":\"https:\/\/schema.org\",\"@graph\":[{\"@type\":\"WebSite\",\"@id\":\"https:\/\/www.pensiuneavlad.ro\/#website\",\"url\":\"https:\/\/www.pensiuneavlad.ro\/\",\"name\":\"Pensiuni cazari ieftine Arad - Pensiune Arad langa Autostrada\",\"description\":\"\",\"potentialAction\":[{\"@type\":\"SearchAction\",\"target\":{\"@type\":\"EntryPoint\",\"urlTemplate\":\"https:\/\/www.pensiuneavlad.ro\/?s={search_term_string}\"},\"query-input\":\"required name=search_term_string\"}],\"inLanguage\":\"ro-RO\"},{\"@type\":\"ImageObject\",\"@id\":\"https:\/\/www.pensiuneavlad.ro\/#primaryimage\",\"inLanguage\":\"ro-RO\",\"url\":\"https:\/\/www.pensiuneavlad.ro\/wp-content\/uploads\/2022\/01\/pensiuni-cazari-ieftine-arad-2.jpg\",\"contentUrl\":\"https:\/\/www.pensiuneavlad.ro\/wp-content\/uploads\/2022\/01\/pensiuni-cazari-ieftine-arad-2.jpg\",\"width\":1920,\"height\":650,\"caption\":\"pensiuni cazari ieftine Arad\"},{\"@type\":\"WebPage\",\"@id\":\"https:\/\/www.pensiuneavlad.ro\/#webpage\",\"url\":\"https:\/\/www.pensiuneavlad.ro\/\",\"name\":\"Pensiuni cazari ieftine Arad - Pensiune Arad langa Autostrada\",\"isPartOf\":{\"@id\":\"https:\/\/www.pensiuneavlad.ro\/#website\"},\"primaryImageOfPage\":{\"@id\":\"https:\/\/www.pensiuneavlad.ro\/#primaryimage\"},\"datePublished\":\"2017-11-04T06:37:43+00:00\",\"dateModified\":\"2022-01-11T04:42:33+00:00\",\"description\":\"Pensiuni cazari ieftine Arad - Pensiunea Vlad clasificat\\u0103 cu 3 margarete, ofer\\u0103 cazare \\u00een judetul Arad langa autostrada. Preturi atractive.\",\"breadcrumb\":{\"@id\":\"https:\/\/www.pensiuneavlad.ro\/#breadcrumb\"},\"inLanguage\":\"ro-RO\",\"potentialAction\":[{\"@type\":\"ReadAction\",\"target\":[\"https:\/\/www.pensiuneavlad.ro\/\"]}]},{\"@type\":\"BreadcrumbList\",\"@id\":\"https:\/\/www.pensiuneavlad.ro\/#breadcrumb\",\"itemListElement\":[{\"@type\":\"ListItem\",\"position\":1,\"name\":\"Home\",\"item\":\"https:\/\/www.pensiuneavlad.ro\/\"},{\"@type\":\"ListItem\",\"position\":2,\"name\":\"Pensiune Arad\"}]}]}<\/script>\n<!-- \/ Yoast SEO Premium plugin. -->","yoast_head_json":{"title":"Pensiuni cazari ieftine Arad - Pensiune Arad langa Autostrada","description":"Pensiuni cazari ieftine Arad - Pensiunea Vlad clasificat\u0103 cu 3 margarete, ofer\u0103 cazare \u00een judetul Arad langa autostrada. Preturi atractive.","robots":{"index":"index","follow":"follow","max-snippet":"max-snippet:-1","max-image-preview":"max-image-preview:large","max-video-preview":"max-video-preview:-1"},"canonical":"https:\/\/www.pensiuneavlad.ro\/","og_locale":"ro_RO","og_type":"article","og_title":"Pensiune Arad","og_description":"Pensiuni cazari ieftine Arad - Pensiunea Vlad clasificat\u0103 cu 3 margarete, ofer\u0103 cazare \u00een judetul Arad langa autostrada. Preturi atractive.","og_url":"https:\/\/www.pensiuneavlad.ro\/","og_site_name":"Pensiuni cazari ieftine Arad - Pensiune Arad langa Autostrada","article_modified_time":"2022-01-11T04:42:33+00:00","og_image":[{"url":"https:\/\/www.pensiuneavlad.ro\/wp-content\/uploads\/2022\/01\/pensiuni-cazari-ieftine-arad-2.jpg"}],"twitter_card":"summary_large_image","twitter_misc":{"Timp estimat pentru citire":"3 minute"},"schema":{"@context":"https:\/\/schema.org","@graph":[{"@type":"WebSite","@id":"https:\/\/www.pensiuneavlad.ro\/#website","url":"https:\/\/www.pensiuneavlad.ro\/","name":"Pensiuni cazari ieftine Arad - Pensiune Arad langa Autostrada","description":"","potentialAction":[{"@type":"SearchAction","target":{"@type":"EntryPoint","urlTemplate":"https:\/\/www.pensiuneavlad.ro\/?s={search_term_string}"},"query-input":"required name=search_term_string"}],"inLanguage":"ro-RO"},{"@type":"ImageObject","@id":"https:\/\/www.pensiuneavlad.ro\/#primaryimage","inLanguage":"ro-RO","url":"https:\/\/www.pensiuneavlad.ro\/wp-content\/uploads\/2022\/01\/pensiuni-cazari-ieftine-arad-2.jpg","contentUrl":"https:\/\/www.pensiuneavlad.ro\/wp-content\/uploads\/2022\/01\/pensiuni-cazari-ieftine-arad-2.jpg","width":1920,"height":650,"caption":"pensiuni cazari ieftine Arad"},{"@type":"WebPage","@id":"https:\/\/www.pensiuneavlad.ro\/#webpage","url":"https:\/\/www.pensiuneavlad.ro\/","name":"Pensiuni cazari ieftine Arad - Pensiune Arad langa Autostrada","isPartOf":{"@id":"https:\/\/www.pensiuneavlad.ro\/#website"},"primaryImageOfPage":{"@id":"https:\/\/www.pensiuneavlad.ro\/#primaryimage"},"datePublished":"2017-11-04T06:37:43+00:00","dateModified":"2022-01-11T04:42:33+00:00","description":"Pensiuni cazari ieftine Arad - Pensiunea Vlad clasificat\u0103 cu 3 margarete, ofer\u0103 cazare \u00een judetul Arad langa autostrada. Preturi atractive.","breadcrumb":{"@id":"https:\/\/www.pensiuneavlad.ro\/#breadcrumb"},"inLanguage":"ro-RO","potentialAction":[{"@type":"ReadAction","target":["https:\/\/www.pensiuneavlad.ro\/"]}]},{"@type":"BreadcrumbList","@id":"https:\/\/www.pensiuneavlad.ro\/#breadcrumb","itemListElement":[{"@type":"ListItem","position":1,"name":"Home","item":"https:\/\/www.pensiuneavlad.ro\/"},{"@type":"ListItem","position":2,"name":"Pensiune Arad"}]}]}},"_links":{"self":[{"href":"https:\/\/www.pensiuneavlad.ro\/index.php?rest_route=\/wp\/v2\/pages\/2267","targetHints":{"allow":["GET"]}}],"collection":[{"href":"https:\/\/www.pensiuneavlad.ro\/index.php?rest_route=\/wp\/v2\/pages"}],"about":[{"href":"https:\/\/www.pensiuneavlad.ro\/index.php?rest_route=\/wp\/v2\/types\/page"}],"author":[{"embeddable":true,"href":"https:\/\/www.pensiuneavlad.ro\/index.php?rest_route=\/wp\/v2\/users\/1"}],"replies":[{"embeddable":true,"href":"https:\/\/www.pensiuneavlad.ro\/index.php?rest_route=%2Fwp%2Fv2%2Fcomments&post=2267"}],"version-history":[{"count":32,"href":"https:\/\/www.pensiuneavlad.ro\/index.php?rest_route=\/wp\/v2\/pages\/2267\/revisions"}],"predecessor-version":[{"id":3186,"href":"https:\/\/www.pensiuneavlad.ro\/index.php?rest_route=\/wp\/v2\/pages\/2267\/revisions\/3186"}],"wp:attachment":[{"href":"https:\/\/www.pensiuneavlad.ro\/index.php?rest_route=%2Fwp%2Fv2%2Fmedia&parent=2267"}],"curies":[{"name":"wp","href":"https:\/\/api.w.org\/{rel}","templated":true}]}}