{"id":2364,"date":"2017-11-08T13:19:22","date_gmt":"2017-11-08T13:19:22","guid":{"rendered":"http:\/\/blthemedemos.wpengine.com\/hilltownfinal\/?page_id=2364"},"modified":"2022-01-11T04:36:12","modified_gmt":"2022-01-11T04:36:12","slug":"cazare-pensiune-arad","status":"publish","type":"page","link":"https:\/\/www.pensiuneavlad.ro\/?page_id=2364","title":{"rendered":"Cazare pensiune Arad"},"content":{"rendered":"<p><section class=\"kc-elm kc-css-532219 kc_row\"><div class=\"kc-row-container  kc-container\"><div class=\"kc-wrap-columns\"><div class=\"kc-elm kc-css-539125 kc_col-sm-12 kc_column kc_col-sm-12\"><div class=\"kc-col-container\"><div class=\"kc-elm kc-css-15597 kc_row kc_row_inner\"><div class=\"kc-elm kc-css-472432 kc_col-sm-12 kc_column_inner kc_col-sm-12\"><div class=\"kc_wrapper kc-col-inner-container\">\n<div class=\"kc-elm kc-css-810507 kc-title-wrap title-wrapp title-wrapp\">\n\n\t<h2 class=\"kc_title title\">CAZARE ARAD:<\/h2><span> PENSIUNEA VLAD ***<\/span>\n<\/div>\n<div class=\"kc-elm kc-css-694240 kc_text_block\"><\/p>\n<h2>Cazare pensiune Arad<\/h2>\n<p><img decoding=\"async\" class=\"alignright\" style=\"width: 400px!important; border: 1px solid #222; padding: 2px;\" src=\"https:\/\/www.pensiuneavlad.ro\/wp-content\/uploads\/2019\/08\/000_2899.jpg\" alt=\"cazare pensiune Arad\" width=\"400\" \/><strong>Cazare pensiune Arad<\/strong>: Cele 8 camere din cadrul unitatii de cazare <strong>PENSIUNEA VLAD ***<\/strong>\u00a0 au un stil modern si elegant, punand un deosebit accent pe confortul oaspetilor. Acestea sunt dotate cu toate facilitatile corespunzatoare unei pensiuni de top, ceea ce face din orice sejur unul perfect, de neuitat.<\/p>\n<p>Este extrem de important de retinut faptul c\u0103 tot ce ati putea avea nevoie este la \u00eendem\u00e2na dumneavoastra, clientii nostri. Managementul <strong>PENSIUNEA VLAD ***<\/strong>, precum \u0219i \u00eentregul personal din cadrul unitatii \u00ee\u0219i dau concursul pentru a v\u0103 mul\u021bumi \u0219i a v\u0103 determina s\u0103 reveni\u021bi cu drag si data viitoare.<\/p>\n<p><a href=\"https:\/\/www.pensiuneavlad.ro\">Cazari pensiuni ieftine Arad<\/a>: Pensiunea a fost proiectata \u015fi realizat din perspectiva beneficiilor clien\u0163ilor no\u015ftri, c\u0103rora dorim s\u0103 le oferim \u00eentr-un ambient modern \u015fi rafinat, servicii <strong>cazare pensiune Arad<\/strong> de \u00eenalt\u0103 calitate, confort, aten\u0163ie deosebit\u0103 la detalii \u015fi receptivitate la cerin\u0163e.<\/p>\n<p><strong>Toate camerele dispun de AER CONDITIONAT si MINIBAR INDIVIDUAL<\/strong><\/p>\n<p>\n<\/div><div class=\"kc-elm kc-css-284368\" style=\"height: 55px; clear: both; width:100%;\"><\/div><\/div><\/div><\/div><\/div><\/div><\/div><\/div><\/section><section data-kc-fullwidth=\"content\" class=\"kc-elm kc-css-526092 kc_row\"><div class=\"kc-row-container\"><div class=\"kc-wrap-columns\"><div class=\"kc-elm kc-css-786668 kc_col-sm-12 kc_column kc_col-sm-12\"><div class=\"kc-col-container\"><div class=\"kc-elm kc-css-771827 kc_row kc_row_inner\"><div class=\"kc-elm kc-css-712056 kc_col-of-5 kc_column_inner kc_col-of-5 aminities_item\"><div class=\"kc_wrapper kc-col-inner-container\"><div class=\"kc-elm kc-css-662160 kc_shortcode kc_single_image\">\n\n        <img decoding=\"async\" src=\"https:\/\/www.pensiuneavlad.ro\/wp-content\/uploads\/2017\/11\/aminities-1.png\" class=\"image\" alt=\"cazare pensiune Arad\" \/>    <\/div>\n\n<div class=\"kc-elm kc-css-637329 kc-title-wrap \">\n\n\t<h4 class=\"kc_title\"><a href=\"#\" class=\"kc_title_link\" title=\"\" target=\"\">Bucatarie utilata<\/a><\/h4>\n<\/div>\n<div class=\"kc-elm kc-css-763715 kc_text_block\"><\/p>\n<p>\nVa punem in mod gratuit la dispozitie o bucatarie complet utilata.<\/p>\n<p>\n<\/div><\/div><\/div><div class=\"kc-elm kc-css-7924 kc_col-of-5 kc_column_inner kc_col-of-5 aminities_item\"><div class=\"kc_wrapper kc-col-inner-container\"><div class=\"kc-elm kc-css-584281 kc_shortcode kc_single_image\">\n\n        <img decoding=\"async\" src=\"https:\/\/www.pensiuneavlad.ro\/wp-content\/uploads\/2017\/11\/aminities-2.png\" class=\"image\" alt=\"cazari pensiuni langa Autostrada\" \/>    <\/div>\n\n<div class=\"kc-elm kc-css-362591 kc-title-wrap \">\n\n\t<h4 class=\"kc_title\"><a href=\"#\" class=\"kc_title_link\" title=\"\" target=\"\">Internet Wi-Fi<\/a><\/h4>\n<\/div>\n<div class=\"kc-elm kc-css-970537 kc_text_block\"><\/p>\n<p>\nFiecare oaspete al pensiunii noastre beneficiaza de internet Wi-Fi de inalta viteza, gratuit!<\/p>\n<p>\n<\/div><\/div><\/div><div class=\"kc-elm kc-css-151154 kc_col-of-5 kc_column_inner kc_col-of-5 aminities_item\"><div class=\"kc_wrapper kc-col-inner-container\"><div class=\"kc-elm kc-css-707186 kc_shortcode kc_single_image\">\n\n        <img decoding=\"async\" src=\"https:\/\/www.pensiuneavlad.ro\/wp-content\/uploads\/2017\/11\/aminities-3.png\" class=\"image\" alt=\"cazari pensiuni ieftine Arad\" \/>    <\/div>\n\n<div class=\"kc-elm kc-css-599650 kc-title-wrap \">\n\n\t<h4 class=\"kc_title\"><a href=\"#\" class=\"kc_title_link\" title=\"\" target=\"\">Televizor LCD<\/a><\/h4>\n<\/div>\n<div class=\"kc-elm kc-css-72373 kc_text_block\"><\/p>\n<p>\nToate camerele sunt dotate cu televizoare LCD si posturi TV nationale si internationale.<\/p>\n<p>\n<\/div><\/div><\/div><div class=\"kc-elm kc-css-829338 kc_col-of-5 kc_column_inner kc_col-of-5 aminities_item\"><div class=\"kc_wrapper kc-col-inner-container\"><div class=\"kc-elm kc-css-414128 kc_shortcode kc_single_image\">\n\n        <img decoding=\"async\" src=\"https:\/\/www.pensiuneavlad.ro\/wp-content\/uploads\/2017\/11\/aminities-4.png\" class=\"image\" alt=\"pensiuni cazari ieftine Arad\" \/>    <\/div>\n\n<div class=\"kc-elm kc-css-192748 kc-title-wrap \">\n\n\t<h4 class=\"kc_title\"><a href=\"#\" class=\"kc_title_link\" title=\"\" target=\"\">Baie proprie<\/a><\/h4>\n<\/div>\n<div class=\"kc-elm kc-css-374030 kc_text_block\"><\/p>\n<p>\nCamerele pensiunii noastre dispun de baie proprie dotate cu cabina de dus si apa calda 24\/7.<\/p>\n<p>\n<\/div><\/div><\/div><div class=\"kc-elm kc-css-642609 kc_col-of-5 kc_column_inner kc_col-of-5 aminities_item\"><div class=\"kc_wrapper kc-col-inner-container\"><div class=\"kc-elm kc-css-735039 kc_shortcode kc_single_image\">\n\n        <img decoding=\"async\" src=\"https:\/\/www.pensiuneavlad.ro\/wp-content\/uploads\/2017\/11\/aminities-5.png\" class=\"image\" alt=\"pensiuni cazari ieftine\" \/>    <\/div>\n\n<div class=\"kc-elm kc-css-236199 kc-title-wrap \">\n\n\t<h4 class=\"kc_title\"><a href=\"#\" class=\"kc_title_link\" title=\"\" target=\"\">Late Check-in <\/a><\/h4>\n<\/div>\n<div class=\"kc-elm kc-css-871616 kc_text_block\"><\/p>\n<p>\nOferim gratuit oaspetilor nostri serviciul de late check-in, adaptandu-ne dupa fiecare client.<\/p>\n<p>\n<\/div><\/div><\/div><\/div><\/div><\/div><\/div><\/div><\/section><section data-kc-equalheight=\"true\" data-kc-equalheight-align=\"middle\" data-kc-fullwidth=\"content\" class=\"kc-elm kc-css-124578 kc_row\"><div class=\"kc-row-container\"><div class=\"kc-wrap-columns\"><div class=\"kc-elm kc-css-755066 kc_col-sm-12 kc_column kc_col-sm-12\"><div class=\"kc-col-container\"><div class=\"kc-elm kc-css-172631 kc_row kc_row_inner\"><div class=\"kc-elm kc-css-759846 kc_col-sm-5 kc_column_inner kc_col-sm-5 aminities_item\"><div class=\"kc_wrapper kc-col-inner-container\">\n<div class=\"kc-elm kc-css-543498 kc-title-wrap title-wrapp style-2 title-wrapp style-2\">\n\n\t<span>REZERVA<\/span><h2 class=\"kc_title title\"><a href=\"#\" class=\"kc_title_link\" title=\"\" target=\"\"> ACUM!<\/a><\/h2>\n<\/div>\n<div class=\"kc-elm kc-css-318348 kc_text_block\"><\/p>\n<p>Rezerva acum o camera la\u00a0<strong>Pensiunea Vlad<\/strong> din\u00a0<a href=\"https:\/\/ro.wikipedia.org\/wiki\/Arad\"><strong>Arad<\/strong> <\/a>si poti beneficia de preturi atractive!<\/p>\n<ul>\n<li>Telefon: <a style=\"color: #fff;\" href=\"tel:0771220733\">0771.220.733<\/a><\/li>\n<li>Email: <a style=\"color: #fff;\" href=\"mailto:contact@pensiuneavlad.ro\">contact@pensiuneavlad.ro<\/a><\/li>\n<\/ul>\n<p>\n<\/div><\/div><\/div><div class=\"kc-elm kc-css-435957 kc_col-of-5 kc_column_inner kc_col-of-5 aminities_item\"><div class=\"kc_wrapper kc-col-inner-container\"><div class=\"kc-elm kc-css-337140 kc_shortcode kc_single_image\">\n\n        <img decoding=\"async\" src=\"https:\/\/www.pensiuneavlad.ro\/wp-content\/uploads\/2017\/11\/aminities-6.png\" class=\"image\" alt=\"pensiuni cazari ieftine Arad\" \/>    <\/div>\n\n<div class=\"kc-elm kc-css-302619 kc-title-wrap \">\n\n\t<h4 class=\"kc_title\"><a href=\"#\" class=\"kc_title_link\" title=\"\" target=\"\">Parcare gratuita<\/a><\/h4>\n<\/div>\n<div class=\"kc-elm kc-css-983281 kc_text_block\"><\/p>\n<p>\nAutoturismul dumneavoastra va fi in deplina siguranta in parcarea din curtea interioara.<\/p>\n<p>\n<\/div><\/div><\/div><div class=\"kc-elm kc-css-345699 kc_col-of-5 kc_column_inner kc_col-of-5 aminities_item\"><div class=\"kc_wrapper kc-col-inner-container\"><div class=\"kc-elm kc-css-933582 kc_shortcode kc_single_image\">\n\n        <img decoding=\"async\" src=\"https:\/\/www.pensiuneavlad.ro\/wp-content\/uploads\/2017\/11\/aminities-7.png\" class=\"image\" alt=\"pensiuni cazari ieftine\" \/>    <\/div>\n\n<div class=\"kc-elm kc-css-732248 kc-title-wrap \">\n\n\t<h4 class=\"kc_title\"><a href=\"#\" class=\"kc_title_link\" title=\"\" target=\"\">Sala de mese<\/a><\/h4>\n<\/div>\n<div class=\"kc-elm kc-css-207835 kc_text_block\"><\/p>\n<p>\nDispunem de o sala de mese spatioasa ideala pentru servit masa impreuna cu cei dragi.<\/p>\n<p>\n<\/div><\/div><\/div><div class=\"kc-elm kc-css-681465 kc_col-of-5 kc_column_inner kc_col-of-5 aminities_item\"><div class=\"kc_wrapper kc-col-inner-container\"><div class=\"kc-elm kc-css-700926 kc_shortcode kc_single_image\">\n\n        <img decoding=\"async\" src=\"https:\/\/www.pensiuneavlad.ro\/wp-content\/uploads\/2017\/11\/aminities-8.png\" class=\"image\" alt=\"pensiuni cazari ieftine\" \/>    <\/div>\n\n<div class=\"kc-elm kc-css-642390 kc-title-wrap \">\n\n\t<h4 class=\"kc_title\"><a href=\"#\" class=\"kc_title_link\" title=\"\" target=\"\">Spatii de depozitare<\/a><\/h4>\n<\/div>\n<div class=\"kc-elm kc-css-326978 kc_text_block\"><\/p>\n<p>\nFiecare camera este dotata cu dulapuri si spatii de depozitare generoase.<\/p>\n<p>\n<\/div><\/div><\/div><\/div><div class=\"kc-elm kc-css-108847\" style=\"height: 100px; clear: both; width:100%;\"><\/div><\/div><\/div><\/div><\/div><\/section><section class=\"kc-elm kc-css-781994 kc_row\"><div class=\"kc-row-container  kc-container\"><div class=\"kc-wrap-columns\"><div class=\"kc-elm kc-css-365627 kc_col-sm-4 kc_column kc_col-sm-4\"><div class=\"kc-col-container\"><div class=\"kc-elm kc-css-266768 kc_shortcode kc_single_image\">\n\n        <a rel=\"prettyPhoto\" class=\"kc-pretty-photo\" href=\"https:\/\/www.pensiuneavlad.ro\/wp-content\/uploads\/2022\/01\/cazare-arad-parter.jpg\" title=\"pensiuni cazari ieftine Arad\" target=\"\">\n        <img decoding=\"async\" src=\"https:\/\/www.pensiuneavlad.ro\/wp-content\/uploads\/2022\/01\/cazare-arad-parter-300x250xc.jpg\" class=\"\" alt=\"pensiuni cazari ieftine Arad\" \/>    <\/a>\n    \t    <p class=\"scapt\">PARTER<\/p>\n\t    <\/div>\n<\/div><\/div><div class=\"kc-elm kc-css-557948 kc_col-sm-4 kc_column kc_col-sm-4\"><div class=\"kc-col-container\"><div class=\"kc-elm kc-css-968165 kc_shortcode kc_single_image\">\n\n        <a rel=\"prettyPhoto\" class=\"kc-pretty-photo\" href=\"https:\/\/www.pensiuneavlad.ro\/wp-content\/uploads\/2022\/01\/cazare-arad-1.jpg\" title=\"cazare pensiune Arad\" target=\"\">\n        <img decoding=\"async\" src=\"https:\/\/www.pensiuneavlad.ro\/wp-content\/uploads\/2022\/01\/cazare-arad-1-300x250xc.jpg\" class=\"\" alt=\"cazare pensiune Arad\" \/>    <\/a>\n    \t    <p class=\"scapt\">ETAJ 1<\/p>\n\t    <\/div>\n<\/div><\/div><div class=\"kc-elm kc-css-670725 kc_col-sm-4 kc_column kc_col-sm-4\"><div class=\"kc-col-container\"><div class=\"kc-elm kc-css-86851 kc_shortcode kc_single_image\">\n\n        <a rel=\"prettyPhoto\" class=\"kc-pretty-photo\" href=\"https:\/\/www.pensiuneavlad.ro\/wp-content\/uploads\/2022\/01\/cazare-arad-2.jpg\" title=\"cazare ieftina pensiune Arad\" target=\"\">\n        <img decoding=\"async\" src=\"https:\/\/www.pensiuneavlad.ro\/wp-content\/uploads\/2022\/01\/cazare-arad-2-300x250xc.jpg\" class=\"\" alt=\"cazare ieftina pensiune Arad\" \/>    <\/a>\n    \t    <p class=\"scapt\">ETAJ 2<\/p>\n\t    <\/div>\n<\/div><\/div><\/div><\/div><\/section><section class=\"kc-elm kc-css-870428 kc_row\"><div class=\"kc-row-container  kc-container\"><div class=\"kc-wrap-columns\"><div class=\"kc-elm kc-css-493964 kc_col-sm-12 kc_column kc_col-sm-12\"><div class=\"kc-col-container\"><div class=\"kc-elm kc-css-467924 kc_text_block\"><\/p>\n<h3>Cazari pensiuni ieftine Arad &#8211; langa Autostrada<\/h3>\n<p><span style=\"color: #502918; font-family: Arial; font-size: 14px; text-align: justify;\">Pensiunea Vlad<\/span><strong style=\"color: #502918; font-family: Arial; font-size: 14px; text-align: justify;\">***<\/strong><span style=\"color: #502918; font-family: Arial; font-size: 14px; text-align: justify;\">\u00a0Arad are o amplasare excep\u0163ional\u0103 fiind situat\u0103\u00a0<\/span><strong style=\"color: #502918; font-family: Arial; font-size: 14px; text-align: justify;\">la doar 1 km de Autostrada si 1,5km de zona centrala a orasului Arad<\/strong><span style=\"color: #502918; font-family: Arial; font-size: 14px; text-align: justify;\">, dar totodata \u00eentr-un loc lini\u015ftit, intr-o zona verde si linistita. Este locul ideal pentru sejururi de afaceri, culturale sau de relaxare fiind \u00een imediata apropiere a principalelor institu\u0163ii ale statului, municipale sau jude\u0163ene, a celor mai bune restaurante \u015fi a monumentelor \u015fi atrac\u0163iilor turistice mai importante.<\/span><br style=\"color: #502918; font-family: Arial; font-size: 14px; text-align: justify;\" \/><br style=\"color: #502918; font-family: Arial; font-size: 14px; text-align: justify;\" \/><span style=\"color: #502918; font-family: Arial; font-size: 14px; text-align: justify;\">Dispunem de parcare proprie, \u00eenchis\u0103 \u015fi supravegheat\u0103 video non-stop, central\u0103 termic\u0103 proprie, salon de mic dejun \u015fi alte servicii la cerere. Alege cu incredere serviciile de <b>cazare pensiune Arad<\/b> furnizate de noi!<\/span><\/p>\n<p>\n<\/div><\/div><\/div><\/div><\/div><\/section><\/p>\n","protected":false},"excerpt":{"rendered":"","protected":false},"author":1,"featured_media":0,"parent":0,"menu_order":0,"comment_status":"closed","ping_status":"closed","template":"","meta":{"footnotes":""},"class_list":["post-2364","page","type-page","status-publish","hentry"],"yoast_head":"<!-- This site is optimized with the Yoast SEO Premium plugin v17.8 (Yoast SEO v17.8) - https:\/\/yoast.com\/wordpress\/plugins\/seo\/ -->\n<title>Cazare pensiune Arad - Cazare pensiune langa Autostrada Arad<\/title>\n<meta name=\"description\" content=\"Cazare pensiune Arad: Cele 8 camere din cadrul Pensiunii Vlad au un stil modern si elegant, punand accent pe confortul oaspetilor nostri.\" \/>\n<meta name=\"robots\" content=\"index, follow, max-snippet:-1, max-image-preview:large, max-video-preview:-1\" \/>\n<link rel=\"canonical\" href=\"https:\/\/www.pensiuneavlad.ro\/?page_id=2364\" \/>\n<meta property=\"og:locale\" content=\"ro_RO\" \/>\n<meta property=\"og:type\" content=\"article\" \/>\n<meta property=\"og:title\" content=\"Cazare pensiune Arad\" \/>\n<meta property=\"og:description\" content=\"Cazare pensiune Arad: Cele 8 camere din cadrul Pensiunii Vlad au un stil modern si elegant, punand accent pe confortul oaspetilor nostri.\" \/>\n<meta property=\"og:url\" content=\"https:\/\/www.pensiuneavlad.ro\/?page_id=2364\" \/>\n<meta property=\"og:site_name\" content=\"Pensiuni cazari ieftine Arad - Pensiune Arad langa Autostrada\" \/>\n<meta property=\"article:modified_time\" content=\"2022-01-11T04:36:12+00:00\" \/>\n<meta property=\"og:image\" content=\"https:\/\/www.pensiuneavlad.ro\/wp-content\/uploads\/2019\/08\/000_2899.jpg\" \/>\n<meta name=\"twitter:card\" content=\"summary_large_image\" \/>\n<meta name=\"twitter:label1\" content=\"Timp estimat pentru citire\" \/>\n\t<meta name=\"twitter:data1\" content=\"2 minute\" \/>\n<script type=\"application\/ld+json\" class=\"yoast-schema-graph\">{\"@context\":\"https:\/\/schema.org\",\"@graph\":[{\"@type\":\"WebSite\",\"@id\":\"https:\/\/www.pensiuneavlad.ro\/#website\",\"url\":\"https:\/\/www.pensiuneavlad.ro\/\",\"name\":\"Pensiuni cazari ieftine Arad - Pensiune Arad langa Autostrada\",\"description\":\"\",\"potentialAction\":[{\"@type\":\"SearchAction\",\"target\":{\"@type\":\"EntryPoint\",\"urlTemplate\":\"https:\/\/www.pensiuneavlad.ro\/?s={search_term_string}\"},\"query-input\":\"required name=search_term_string\"}],\"inLanguage\":\"ro-RO\"},{\"@type\":\"ImageObject\",\"@id\":\"https:\/\/www.pensiuneavlad.ro\/?page_id=2364#primaryimage\",\"inLanguage\":\"ro-RO\",\"url\":\"https:\/\/www.pensiuneavlad.ro\/wp-content\/uploads\/2019\/08\/000_2899.jpg\",\"contentUrl\":\"https:\/\/www.pensiuneavlad.ro\/wp-content\/uploads\/2019\/08\/000_2899.jpg\",\"width\":1024,\"height\":682,\"caption\":\"cazari pensiuni ieftine autostrada arad\"},{\"@type\":\"WebPage\",\"@id\":\"https:\/\/www.pensiuneavlad.ro\/?page_id=2364#webpage\",\"url\":\"https:\/\/www.pensiuneavlad.ro\/?page_id=2364\",\"name\":\"Cazare pensiune Arad - Cazare pensiune langa Autostrada Arad\",\"isPartOf\":{\"@id\":\"https:\/\/www.pensiuneavlad.ro\/#website\"},\"primaryImageOfPage\":{\"@id\":\"https:\/\/www.pensiuneavlad.ro\/?page_id=2364#primaryimage\"},\"datePublished\":\"2017-11-08T13:19:22+00:00\",\"dateModified\":\"2022-01-11T04:36:12+00:00\",\"description\":\"Cazare pensiune Arad: Cele 8 camere din cadrul Pensiunii Vlad au un stil modern si elegant, punand accent pe confortul oaspetilor nostri.\",\"breadcrumb\":{\"@id\":\"https:\/\/www.pensiuneavlad.ro\/?page_id=2364#breadcrumb\"},\"inLanguage\":\"ro-RO\",\"potentialAction\":[{\"@type\":\"ReadAction\",\"target\":[\"https:\/\/www.pensiuneavlad.ro\/?page_id=2364\"]}]},{\"@type\":\"BreadcrumbList\",\"@id\":\"https:\/\/www.pensiuneavlad.ro\/?page_id=2364#breadcrumb\",\"itemListElement\":[{\"@type\":\"ListItem\",\"position\":1,\"name\":\"Home\",\"item\":\"https:\/\/www.pensiuneavlad.ro\/\"},{\"@type\":\"ListItem\",\"position\":2,\"name\":\"Cazare pensiune Arad\"}]}]}<\/script>\n<!-- \/ Yoast SEO Premium plugin. -->","yoast_head_json":{"title":"Cazare pensiune Arad - Cazare pensiune langa Autostrada Arad","description":"Cazare pensiune Arad: Cele 8 camere din cadrul Pensiunii Vlad au un stil modern si elegant, punand accent pe confortul oaspetilor nostri.","robots":{"index":"index","follow":"follow","max-snippet":"max-snippet:-1","max-image-preview":"max-image-preview:large","max-video-preview":"max-video-preview:-1"},"canonical":"https:\/\/www.pensiuneavlad.ro\/?page_id=2364","og_locale":"ro_RO","og_type":"article","og_title":"Cazare pensiune Arad","og_description":"Cazare pensiune Arad: Cele 8 camere din cadrul Pensiunii Vlad au un stil modern si elegant, punand accent pe confortul oaspetilor nostri.","og_url":"https:\/\/www.pensiuneavlad.ro\/?page_id=2364","og_site_name":"Pensiuni cazari ieftine Arad - Pensiune Arad langa Autostrada","article_modified_time":"2022-01-11T04:36:12+00:00","og_image":[{"url":"https:\/\/www.pensiuneavlad.ro\/wp-content\/uploads\/2019\/08\/000_2899.jpg"}],"twitter_card":"summary_large_image","twitter_misc":{"Timp estimat pentru citire":"2 minute"},"schema":{"@context":"https:\/\/schema.org","@graph":[{"@type":"WebSite","@id":"https:\/\/www.pensiuneavlad.ro\/#website","url":"https:\/\/www.pensiuneavlad.ro\/","name":"Pensiuni cazari ieftine Arad - Pensiune Arad langa Autostrada","description":"","potentialAction":[{"@type":"SearchAction","target":{"@type":"EntryPoint","urlTemplate":"https:\/\/www.pensiuneavlad.ro\/?s={search_term_string}"},"query-input":"required name=search_term_string"}],"inLanguage":"ro-RO"},{"@type":"ImageObject","@id":"https:\/\/www.pensiuneavlad.ro\/?page_id=2364#primaryimage","inLanguage":"ro-RO","url":"https:\/\/www.pensiuneavlad.ro\/wp-content\/uploads\/2019\/08\/000_2899.jpg","contentUrl":"https:\/\/www.pensiuneavlad.ro\/wp-content\/uploads\/2019\/08\/000_2899.jpg","width":1024,"height":682,"caption":"cazari pensiuni ieftine autostrada arad"},{"@type":"WebPage","@id":"https:\/\/www.pensiuneavlad.ro\/?page_id=2364#webpage","url":"https:\/\/www.pensiuneavlad.ro\/?page_id=2364","name":"Cazare pensiune Arad - Cazare pensiune langa Autostrada Arad","isPartOf":{"@id":"https:\/\/www.pensiuneavlad.ro\/#website"},"primaryImageOfPage":{"@id":"https:\/\/www.pensiuneavlad.ro\/?page_id=2364#primaryimage"},"datePublished":"2017-11-08T13:19:22+00:00","dateModified":"2022-01-11T04:36:12+00:00","description":"Cazare pensiune Arad: Cele 8 camere din cadrul Pensiunii Vlad au un stil modern si elegant, punand accent pe confortul oaspetilor nostri.","breadcrumb":{"@id":"https:\/\/www.pensiuneavlad.ro\/?page_id=2364#breadcrumb"},"inLanguage":"ro-RO","potentialAction":[{"@type":"ReadAction","target":["https:\/\/www.pensiuneavlad.ro\/?page_id=2364"]}]},{"@type":"BreadcrumbList","@id":"https:\/\/www.pensiuneavlad.ro\/?page_id=2364#breadcrumb","itemListElement":[{"@type":"ListItem","position":1,"name":"Home","item":"https:\/\/www.pensiuneavlad.ro\/"},{"@type":"ListItem","position":2,"name":"Cazare pensiune Arad"}]}]}},"_links":{"self":[{"href":"https:\/\/www.pensiuneavlad.ro\/index.php?rest_route=\/wp\/v2\/pages\/2364","targetHints":{"allow":["GET"]}}],"collection":[{"href":"https:\/\/www.pensiuneavlad.ro\/index.php?rest_route=\/wp\/v2\/pages"}],"about":[{"href":"https:\/\/www.pensiuneavlad.ro\/index.php?rest_route=\/wp\/v2\/types\/page"}],"author":[{"embeddable":true,"href":"https:\/\/www.pensiuneavlad.ro\/index.php?rest_route=\/wp\/v2\/users\/1"}],"replies":[{"embeddable":true,"href":"https:\/\/www.pensiuneavlad.ro\/index.php?rest_route=%2Fwp%2Fv2%2Fcomments&post=2364"}],"version-history":[{"count":9,"href":"https:\/\/www.pensiuneavlad.ro\/index.php?rest_route=\/wp\/v2\/pages\/2364\/revisions"}],"predecessor-version":[{"id":3182,"href":"https:\/\/www.pensiuneavlad.ro\/index.php?rest_route=\/wp\/v2\/pages\/2364\/revisions\/3182"}],"wp:attachment":[{"href":"https:\/\/www.pensiuneavlad.ro\/index.php?rest_route=%2Fwp%2Fv2%2Fmedia&parent=2364"}],"curies":[{"name":"wp","href":"https:\/\/api.w.org\/{rel}","templated":true}]}}